{"id":6513,"date":"2017-02-23T09:06:21","date_gmt":"2017-02-23T09:06:21","guid":{"rendered":"http:\/\/baker.edge-themes.com\/?page_id=6513"},"modified":"2024-11-20T07:49:48","modified_gmt":"2024-11-20T07:49:48","slug":"home-1","status":"publish","type":"page","link":"https:\/\/bakerytest.shop\/en\/","title":{"rendered":"Home"},"content":{"rendered":"<section class=\"wpb-content-wrapper\"><p>[vc_row css=&#8221;.vc_custom_1488536699571{padding-top: 70px !important;padding-bottom: 6px !important;}&#8221;][vc_column][vc_row_inner row_content_width=&#8221;grid&#8221;][vc_column_inner offset=&#8221;vc_col-lg-8 vc_col-md-8 vc_col-xs-12&#8243;]<div class=\"edgtf-elements-holder edgtf-one-column edgtf-responsive-mode-768\" ><div class=\"edgtf-eh-item \"  data-item-class=\"edgtf-eh-custom-267675\" data-1280-1600=\"43px 10% 50px 0%\" data-1024-1280=\"43px 2% 110px 0%\" data-768-1024=\"0 25% 74px 0%\" data-600-768=\"0 12% 74px 0%\" data-480-600=\"1px 0% 72px 0%\" data-480=\"1px 0% 72px 0%\">\n\t<div class=\"edgtf-eh-item-inner\">\n\t\t<div class=\"edgtf-eh-item-content edgtf-eh-custom-267675\" style=\"padding: 43px 10% 50px 0%\">\n\t\t\t<div class=\"edgtf-section-title-holder\" style=\"text-align: left\">\n\t\t\t\t\t<h2 class=\"edgtf-st-title\" style=\"color: #303030;font-weight: 600;letter-spacing: 4px\">\n\t\t\t<span>INTRO<\/span>\n\t\t<\/h2>\n\t\t<\/div>[vc_empty_space height=&#8221;19px&#8221;][vc_column_text]<span style=\"color: #666666; font-size: 14px; line-height: 27px; font-weight: 300;\">\u201cFor years, the Michelin-starred chef has been driven by the same ambition: to offer tasty emotions to lovers of good food. By creating Maison Mathieu Pacaud, he wanted to extend these moments of pleasure beyond his restaurants. It\u2019s now easy to enjoy his culinary creations and exceptional products at the office, at home or at events.<br \/>\nMathieu Pacaud orchestrates the best craftsmen: bakers, pastry chefs, chefs, event experts, with the aim of giving his customers experiences that are as gourmet as they are delightful.\u201d<br \/>\n<\/span>[\/vc_column_text][vc_empty_space height=&#8221;31px&#8221;][vc_single_image image=&#8221;12311&#8243; img_size=&#8221;full&#8221;]\t\t<\/div>\n\t<\/div>\n<\/div><\/div>[\/vc_column_inner][vc_column_inner offset=&#8221;vc_col-lg-3 vc_col-md-4 vc_col-xs-12&#8243;]<div class=\"edgtf-elements-holder edgtf-one-column edgtf-responsive-mode-768\" ><div class=\"edgtf-eh-item edgtf-horizontal-alignment-center\"  data-item-class=\"edgtf-eh-custom-200291\" data-768-1024=\"51px 0 120px 0\" data-480-600=\"51px 0 119px 0\" data-480=\"51px 0 119px 0\">\n\t<div class=\"edgtf-eh-item-inner\">\n\t\t<div class=\"edgtf-eh-item-content edgtf-eh-custom-200291\" style=\"padding: 51px 0 115px 0\">\n\t\t\t[vc_single_image image=&#8221;12309&#8243; img_size=&#8221;full&#8221;]\t\t<\/div>\n\t<\/div>\n<\/div><\/div>[\/vc_column_inner][\/vc_row_inner][\/vc_column][\/vc_row][vc_row][vc_column]<div class=\"edgtf-parallax-holder edgtf-vertical-middle-align edgtf-disabled-parallax-on-touch\" data-parallax-speed=\"1\" style=\"background-image: url(https:\/\/bakerytest.shop\/wp-content\/uploads\/2024\/01\/homepage-boutique-paralax-scaled.jpg);min-height: 53px;height: 53px\">\n\t<div class=\"edgtf-parallax-inner\">\n\t\t<div class=\"edgtf-elements-holder edgtf-two-columns edgtf-responsive-mode-600\" ><div class=\"edgtf-eh-item \"  data-item-class=\"edgtf-eh-custom-816547\" data-1280-1600=\"105px 25% 0px 14%\" data-1024-1280=\"105px 25% 0px 14%\" data-768-1024=\"105px 25% 0px 14%\" data-600-768=\"50px 25% 0px 14%\" data-480-600=\"105px 25% 0px 9%\" data-480=\"40px 25% 0px 9%\">\n\t<div class=\"edgtf-eh-item-inner\">\n\t\t<div class=\"edgtf-eh-item-content edgtf-eh-custom-816547\" style=\"padding: 105px 40% 0px 14%\">\n\t\t\t<div class=\"edgtf-inner-row-holder edgtf-grid-row  edgtf-grid-large-gutter\"><\/div><div class=\"edgtf-section-title-holder\" style=\"text-align: left\">\n\t\t\t\t\t<h2 class=\"edgtf-st-title\" style=\"color: #303030;font-weight: 600;letter-spacing: 4px\">\n\t\t\t<span>SHOP<\/span>\n\t\t<\/h2>\n\t\t<\/div>[vc_empty_space height=&#8221;21px&#8221;][vc_column_text]Just a few clicks and you\u2019ll be able to discover the wide range of gastronomic products on offer at Maison Mathieu Pacaud: original pastries, daily menus, freshly baked breads, sweet and savoury appetisers, fine and exclusive wines, delicatessen products\u2026 Make your choice and pick up your purchases or opt for delivery.[\/vc_column_text][vc_empty_space height=&#8221;46px&#8221;]<a itemprop=\"url\" href=\"\/en\/shop\" target=\"_self\"  class=\"edgtf-btn edgtf-btn-medium edgtf-btn-solid\"  >\n    <span class=\"edgtf-btn-text\">Shop<\/span>\n    <\/a>[vc_empty_space height=&#8221;92px&#8221;]\t\t<\/div>\n\t<\/div>\n<\/div><\/div>\t<\/div>\n<\/div>\n[\/vc_column][\/vc_row][vc_row row_content_width=&#8221;grid&#8221; content_text_aligment=&#8221;left&#8221; css=&#8221;.vc_custom_1488535505289{padding-top: 106px !important;padding-bottom: 35px !important;}&#8221;][vc_column]<div class=\"edgtf-elements-holder edgtf-one-column edgtf-responsive-mode-768\" ><div class=\"edgtf-eh-item edgtf-horizontal-alignment-center\"  data-item-class=\"edgtf-eh-custom-806655\" data-1024-1280=\"0 15% 53px 15%\" data-768-1024=\"0 10% 53px 10%\" data-600-768=\"0 5% 53px 5%\" data-480-600=\"0 0% 53px 0%\" data-480=\"0 0% 53px 0%\">\n\t<div class=\"edgtf-eh-item-inner\">\n\t\t<div class=\"edgtf-eh-item-content edgtf-eh-custom-806655\" style=\"padding: 0 20% 53px 20%\">\n\t\t\t<div class=\"edgtf-section-title-holder\" >\n\t\t\t\t\t<h2 class=\"edgtf-st-title\" style=\"color: #303030;font-weight: 600;letter-spacing: 4px\">\n\t\t\t<span>EVENTS<\/span>\n\t\t<\/h2>\n\t\t\t\t<p class=\"edgtf-st-text\" style=\"color: #666666;font-size: 16.05px;line-height: 30px;font-weight: 300;margin-top: 22px\">By entrusting Maison Mathieu Pacaud with the organisation of your private or professional events, you can be sure that your guests will experience exceptional moments. Prestigious venues, refined culinary creations, exclusive recipes, a unique art of entertaining... We mobilise the talents of our teams to make your dreams come true.<\/p>\n\t<\/div>[vc_empty_space height=&#8221;23px&#8221;]<a itemprop=\"url\" href=\"\/en\/events\" target=\"_self\"  class=\"edgtf-btn edgtf-btn-medium edgtf-btn-solid\"  >\n    <span class=\"edgtf-btn-text\">Events<\/span>\n    <\/a>\t\t<\/div>\n\t<\/div>\n<\/div><\/div>[vc_row_inner row_content_width=&#8221;grid&#8221; content_text_aligment=&#8221;center&#8221;][vc_column_inner css=&#8221;.vc_custom_1488376733599{padding-right: 13% !important;padding-left: 12% !important;}&#8221; offset=&#8221;vc_col-lg-4 vc_col-md-4 vc_col-xs-12&#8243;][vc_single_image image=&#8221;12317&#8243; img_size=&#8221;full&#8221; alignment=&#8221;center&#8221; el_class=&#8221;custom-image-rounded-tl-br&#8221;][vc_empty_space height=&#8221;76px&#8221;][\/vc_column_inner][vc_column_inner css=&#8221;.vc_custom_1488376744605{padding-right: 13% !important;padding-left: 12% !important;}&#8221; offset=&#8221;vc_col-lg-4 vc_col-md-4 vc_col-xs-12&#8243;][vc_single_image image=&#8221;12319&#8243; img_size=&#8221;full&#8221; alignment=&#8221;center&#8221; el_class=&#8221;custom-image-rounded-tl-br&#8221;][vc_empty_space height=&#8221;76px&#8221;][\/vc_column_inner][vc_column_inner css=&#8221;.vc_custom_1701876186030{padding-right: 13% !important;padding-left: 12% !important;}&#8221; offset=&#8221;vc_col-lg-4 vc_col-md-4 vc_col-xs-12&#8243;][vc_single_image image=&#8221;12321&#8243; img_size=&#8221;full&#8221; alignment=&#8221;center&#8221; el_class=&#8221;custom-image-rounded-tl-br&#8221;][vc_empty_space height=&#8221;76px&#8221;][\/vc_column_inner][\/vc_row_inner][\/vc_column][\/vc_row][vc_row parallax=&#8221;content-moving&#8221; parallax_image=&#8221;12361&#8243; disable_element=&#8221;yes&#8221; css=&#8221;.vc_custom_1706798096494{margin-bottom: -35px !important;}&#8221;][vc_column el_class=&#8221;custom-highlighted-text-holder&#8221;]<div class=\"edgtf-elements-holder edgtf-one-column edgtf-responsive-mode-600\" ><div class=\"edgtf-eh-item edgtf-horizontal-alignment-center\"  data-item-class=\"edgtf-eh-custom-133450\" data-1024-1280=\"0 20% 53px 20%\" data-768-1024=\"0 15% 53px 15%\" data-600-768=\"0 10% 53px 10%\" data-480-600=\"0 5% 53px 5%\" data-480=\"0 0% 53px 0%\">\n\t<div class=\"edgtf-eh-item-inner\">\n\t\t<div class=\"edgtf-eh-item-content edgtf-eh-custom-133450\" style=\"padding: 0 30% 53px 30%\">\n\t\t\t[vc_empty_space height=&#8221;64px&#8221;]<div class=\"edgtf-section-title-holder\" >\n\t\t\t\t\t<h2 class=\"edgtf-st-title\" style=\"color: #303030;font-weight: 600;letter-spacing: 4px\">\n\t\t\t<span>LE CONCEPT<\/span>\n\t\t<\/h2>\n\t\t\t\t<p class=\"edgtf-st-text\" style=\"color: #666666;font-size: 16.05px;line-height: 30px;font-weight: 500;margin-top: 22px\">Bienvenue chez Maison Mathieu Pacaud, l&#039;\u00e9crin gourmand o\u00f9 l&#039;excellence culinaire rencontre l&#039;art de la boulangerie, de la p\u00e2tisserie, du traiteur, de l&#039;\u00e9picerie fine et de la cave. En plein c\u0153ur de Paris, notre maison r\u00e9unit l&#039;h\u00e9ritage d&#039;un chef \u00e9toil\u00e9, proposant non seulement une exp\u00e9rience gastronomique mais aussi la quintessence du savoir-faire fran\u00e7ais.<\/p>\n\t<\/div>[vc_empty_space height=&#8221;23px&#8221;]<a itemprop=\"url\" href=\"https:\/\/bakerytest.shop\/wp-content\/uploads\/2024\/01\/CP_CONCEPT.pdf\" target=\"_blank\"  class=\"edgtf-btn edgtf-btn-medium edgtf-btn-solid\"  >\n    <span class=\"edgtf-btn-text\">Le concept<\/span>\n    <\/a>[vc_empty_space height=&#8221;64px&#8221;]\t\t<\/div>\n\t<\/div>\n<\/div><\/div>[\/vc_column][\/vc_row][vc_row content_text_aligment=&#8221;center&#8221;][vc_column]<div class=\"edgtf-parallax-holder edgtf-vertical-middle-align edgtf-disabled-parallax-on-touch\" data-parallax-speed=\"1\" style=\"min-height: 400px;height: 400px\">\n\t<div class=\"edgtf-parallax-inner\">\n\t\t<div class=\"edgtf-image-gallery edgtf-ig-masonry-type \">\n\t<div class=\"edgtf-ig-inner edgtf-ig-masonry edgtf-ig-four-columns edgtf-ig-no-space\">\n\t\t<div class=\"edgtf-ig-grid-sizer\"><\/div>\n\t\t<div class=\"edgtf-ig-grid-gutter\"><\/div>\n\t\t\t\t\t\t\t\t<div class=\"edgtf-ig-image \">\n\t\t\t\t<div class=\"edgtf-ig-image-inner\">\n\t\t\t\t\t\t\t\t\t\t\t<img width=\"1707\" height=\"2560\" src=\"https:\/\/bakerytest.shop\/wp-content\/uploads\/2023\/12\/5.1-Extra_vienn-scaled.webp\" class=\"attachment- size-\" alt=\"Maison Mathieu Pacaud | Extra_vienn\" decoding=\"async\" loading=\"lazy\" srcset=\"https:\/\/bakerytest.shop\/wp-content\/uploads\/2023\/12\/5.1-Extra_vienn-scaled.webp 1707w, https:\/\/bakerytest.shop\/wp-content\/uploads\/2023\/12\/5.1-Extra_vienn-scaled-600x900.webp 600w, https:\/\/bakerytest.shop\/wp-content\/uploads\/2023\/12\/5.1-Extra_vienn-200x300.webp 200w, https:\/\/bakerytest.shop\/wp-content\/uploads\/2023\/12\/5.1-Extra_vienn-683x1024.webp 683w, https:\/\/bakerytest.shop\/wp-content\/uploads\/2023\/12\/5.1-Extra_vienn-768x1152.webp 768w, https:\/\/bakerytest.shop\/wp-content\/uploads\/2023\/12\/5.1-Extra_vienn-1024x1536.webp 1024w, https:\/\/bakerytest.shop\/wp-content\/uploads\/2023\/12\/5.1-Extra_vienn-1365x2048.webp 1365w\" sizes=\"(max-width: 1707px) 100vw, 1707px\" \/>\t\t\t\t\t\t\t\t\t<\/div>\n\t\t\t<\/div>\n\t\t\t\t\t\t\t\t<div class=\"edgtf-ig-image \">\n\t\t\t\t<div class=\"edgtf-ig-image-inner\">\n\t\t\t\t\t\t\t\t\t\t\t<img width=\"1707\" height=\"2560\" src=\"https:\/\/bakerytest.shop\/wp-content\/uploads\/2023\/12\/5.2-Extra_bag-scaled.webp\" class=\"attachment- size-\" alt=\"Maison Mathieu Pacaud | Extra_bag\" decoding=\"async\" loading=\"lazy\" srcset=\"https:\/\/bakerytest.shop\/wp-content\/uploads\/2023\/12\/5.2-Extra_bag-scaled.webp 1707w, https:\/\/bakerytest.shop\/wp-content\/uploads\/2023\/12\/5.2-Extra_bag-scaled-600x900.webp 600w, https:\/\/bakerytest.shop\/wp-content\/uploads\/2023\/12\/5.2-Extra_bag-200x300.webp 200w, https:\/\/bakerytest.shop\/wp-content\/uploads\/2023\/12\/5.2-Extra_bag-683x1024.webp 683w, https:\/\/bakerytest.shop\/wp-content\/uploads\/2023\/12\/5.2-Extra_bag-768x1152.webp 768w, https:\/\/bakerytest.shop\/wp-content\/uploads\/2023\/12\/5.2-Extra_bag-1024x1536.webp 1024w, https:\/\/bakerytest.shop\/wp-content\/uploads\/2023\/12\/5.2-Extra_bag-1365x2048.webp 1365w\" sizes=\"(max-width: 1707px) 100vw, 1707px\" \/>\t\t\t\t\t\t\t\t\t<\/div>\n\t\t\t<\/div>\n\t\t\t\t\t\t\t\t<div class=\"edgtf-ig-image \">\n\t\t\t\t<div class=\"edgtf-ig-image-inner\">\n\t\t\t\t\t\t\t\t\t\t\t<img width=\"1707\" height=\"2560\" src=\"https:\/\/bakerytest.shop\/wp-content\/uploads\/2023\/12\/5.3-Extra_palmier-scaled.webp\" class=\"attachment- size-\" alt=\"Maison Mathieu Pacaud | Extra_palmier\" decoding=\"async\" loading=\"lazy\" srcset=\"https:\/\/bakerytest.shop\/wp-content\/uploads\/2023\/12\/5.3-Extra_palmier-scaled.webp 1707w, https:\/\/bakerytest.shop\/wp-content\/uploads\/2023\/12\/5.3-Extra_palmier-scaled-600x900.webp 600w, https:\/\/bakerytest.shop\/wp-content\/uploads\/2023\/12\/5.3-Extra_palmier-200x300.webp 200w, https:\/\/bakerytest.shop\/wp-content\/uploads\/2023\/12\/5.3-Extra_palmier-683x1024.webp 683w, https:\/\/bakerytest.shop\/wp-content\/uploads\/2023\/12\/5.3-Extra_palmier-768x1152.webp 768w, https:\/\/bakerytest.shop\/wp-content\/uploads\/2023\/12\/5.3-Extra_palmier-1024x1536.webp 1024w, https:\/\/bakerytest.shop\/wp-content\/uploads\/2023\/12\/5.3-Extra_palmier-1365x2048.webp 1365w\" sizes=\"(max-width: 1707px) 100vw, 1707px\" \/>\t\t\t\t\t\t\t\t\t<\/div>\n\t\t\t<\/div>\n\t\t\t\t\t\t\t\t<div class=\"edgtf-ig-image \">\n\t\t\t\t<div class=\"edgtf-ig-image-inner\">\n\t\t\t\t\t\t\t\t\t\t\t<img width=\"1707\" height=\"2560\" src=\"https:\/\/bakerytest.shop\/wp-content\/uploads\/2023\/12\/5.4-Extra_tarte-figue-scaled.webp\" class=\"attachment- size-\" alt=\"Maison Mathieu Pacaud | Extra_tarte figue\" decoding=\"async\" loading=\"lazy\" srcset=\"https:\/\/bakerytest.shop\/wp-content\/uploads\/2023\/12\/5.4-Extra_tarte-figue-scaled.webp 1707w, https:\/\/bakerytest.shop\/wp-content\/uploads\/2023\/12\/5.4-Extra_tarte-figue-scaled-600x900.webp 600w, https:\/\/bakerytest.shop\/wp-content\/uploads\/2023\/12\/5.4-Extra_tarte-figue-200x300.webp 200w, https:\/\/bakerytest.shop\/wp-content\/uploads\/2023\/12\/5.4-Extra_tarte-figue-683x1024.webp 683w, https:\/\/bakerytest.shop\/wp-content\/uploads\/2023\/12\/5.4-Extra_tarte-figue-768x1152.webp 768w, https:\/\/bakerytest.shop\/wp-content\/uploads\/2023\/12\/5.4-Extra_tarte-figue-1024x1536.webp 1024w, https:\/\/bakerytest.shop\/wp-content\/uploads\/2023\/12\/5.4-Extra_tarte-figue-1365x2048.webp 1365w\" sizes=\"(max-width: 1707px) 100vw, 1707px\" \/>\t\t\t\t\t\t\t\t\t<\/div>\n\t\t\t<\/div>\n\t\t\t<\/div>\n<\/div>\t<\/div>\n<\/div>\n[\/vc_column][\/vc_row]<\/p>\n<\/section>","protected":false},"excerpt":{"rendered":"<p>[vc_row css=&#8221;.vc_custom_1488536699571{padding-top: 70px !important;padding-bottom: 6px !important;}&#8221;][vc_column][vc_row_inner row_content_width=&#8221;grid&#8221;][vc_column_inner offset=&#8221;vc_col-lg-8 vc_col-md-8 vc_col-xs-12&#8243;][\/vc_column_inner][vc_column_inner offset=&#8221;vc_col-lg-3 vc_col-md-4 vc_col-xs-12&#8243;][\/vc_column_inner][\/vc_row_inner][\/vc_column][\/vc_row][vc_row][vc_column][\/vc_column][\/vc_row][vc_row row_content_width=&#8221;grid&#8221; content_text_aligment=&#8221;left&#8221; css=&#8221;.vc_custom_1488535505289{padding-top: 106px !important;padding-bottom: 35px !important;}&#8221;][vc_column][vc_row_inner row_content_width=&#8221;grid&#8221; content_text_aligment=&#8221;center&#8221;][vc_column_inner css=&#8221;.vc_custom_1488376733599{padding-right: 13% !important;padding-left: 12% !important;}&#8221; offset=&#8221;vc_col-lg-4 vc_col-md-4 vc_col-xs-12&#8243;][vc_single_image image=&#8221;12317&#8243; img_size=&#8221;full&#8221; alignment=&#8221;center&#8221; el_class=&#8221;custom-image-rounded-tl-br&#8221;][vc_empty_space height=&#8221;76px&#8221;][\/vc_column_inner][vc_column_inner css=&#8221;.vc_custom_1488376744605{padding-right: 13% !important;padding-left: 12% !important;}&#8221; [&hellip;]<\/p>\n","protected":false},"author":1,"featured_media":0,"parent":0,"menu_order":0,"comment_status":"closed","ping_status":"closed","template":"full-width.php","meta":{"footnotes":""},"_links":{"self":[{"href":"https:\/\/bakerytest.shop\/en\/wp-json\/wp\/v2\/pages\/6513"}],"collection":[{"href":"https:\/\/bakerytest.shop\/en\/wp-json\/wp\/v2\/pages"}],"about":[{"href":"https:\/\/bakerytest.shop\/en\/wp-json\/wp\/v2\/types\/page"}],"author":[{"embeddable":true,"href":"https:\/\/bakerytest.shop\/en\/wp-json\/wp\/v2\/users\/1"}],"replies":[{"embeddable":true,"href":"https:\/\/bakerytest.shop\/en\/wp-json\/wp\/v2\/comments?post=6513"}],"version-history":[{"count":11,"href":"https:\/\/bakerytest.shop\/en\/wp-json\/wp\/v2\/pages\/6513\/revisions"}],"predecessor-version":[{"id":12660,"href":"https:\/\/bakerytest.shop\/en\/wp-json\/wp\/v2\/pages\/6513\/revisions\/12660"}],"wp:attachment":[{"href":"https:\/\/bakerytest.shop\/en\/wp-json\/wp\/v2\/media?parent=6513"}],"curies":[{"name":"wp","href":"https:\/\/api.w.org\/{rel}","templated":true}]}}